{"id":278,"date":"2024-02-19T17:25:27","date_gmt":"2024-02-19T17:25:27","guid":{"rendered":"https:\/\/stiipestiri.com\/?page_id=278"},"modified":"2024-02-19T17:25:28","modified_gmt":"2024-02-19T17:25:28","slug":"contact","status":"publish","type":"page","link":"https:\/\/stiipestiri.com\/?page_id=278","title":{"rendered":"CONTACT"},"content":{"rendered":"\n<h1 class=\"wp-block-heading\">Contacteaz\u0103-ne<\/h1>\n\n\n\n<p>Pentru orice \u00eentreb\u0103ri, feedback sau colabor\u0103ri, te rug\u0103m s\u0103 ne contactezi la adresa de e-mail:<\/p>\n\n\n\n<p><strong>E-mail:<\/strong> <a>admin@stiipestiri.com<\/a><\/p>\n\n\n\n<p>Ne str\u0103duim s\u0103 r\u0103spundem la toate mesajele c\u00e2t mai cur\u00e2nd posibil.<\/p>\n\n\n\n<p>Pentru orice \u00eentreb\u0103ri sau colabor\u0103ri, v\u0103 rug\u0103m s\u0103 ne contacta\u021bi la adresa de e-mail:<\/p>\n","protected":false},"excerpt":{"rendered":"<p>Contacteaz\u0103-ne Pentru orice \u00eentreb\u0103ri, feedback sau colabor\u0103ri, te rug\u0103m s\u0103 ne contactezi la adresa de e-mail: E-mail: admin@stiipestiri.com Ne str\u0103duim s\u0103 r\u0103spundem la toate mesajele c\u00e2t mai cur\u00e2nd posibil. Pentru orice \u00eentreb\u0103ri sau colabor\u0103ri, v\u0103 rug\u0103m s\u0103 ne contacta\u021bi la adresa de e-mail:<\/p>\n","protected":false},"author":1,"featured_media":0,"parent":0,"menu_order":0,"comment_status":"closed","ping_status":"closed","template":"","meta":{"_kad_post_transparent":"","_kad_post_title":"","_kad_post_layout":"","_kad_post_sidebar_id":"","_kad_post_content_style":"","_kad_post_vertical_padding":"","_kad_post_feature":"","_kad_post_feature_position":"","_kad_post_header":false,"_kad_post_footer":false,"_kad_post_classname":"","footnotes":""},"class_list":["post-278","page","type-page","status-publish","hentry"],"_links":{"self":[{"href":"https:\/\/stiipestiri.com\/index.php?rest_route=\/wp\/v2\/pages\/278","targetHints":{"allow":["GET"]}}],"collection":[{"href":"https:\/\/stiipestiri.com\/index.php?rest_route=\/wp\/v2\/pages"}],"about":[{"href":"https:\/\/stiipestiri.com\/index.php?rest_route=\/wp\/v2\/types\/page"}],"author":[{"embeddable":true,"href":"https:\/\/stiipestiri.com\/index.php?rest_route=\/wp\/v2\/users\/1"}],"replies":[{"embeddable":true,"href":"https:\/\/stiipestiri.com\/index.php?rest_route=%2Fwp%2Fv2%2Fcomments&post=278"}],"version-history":[{"count":1,"href":"https:\/\/stiipestiri.com\/index.php?rest_route=\/wp\/v2\/pages\/278\/revisions"}],"predecessor-version":[{"id":279,"href":"https:\/\/stiipestiri.com\/index.php?rest_route=\/wp\/v2\/pages\/278\/revisions\/279"}],"wp:attachment":[{"href":"https:\/\/stiipestiri.com\/index.php?rest_route=%2Fwp%2Fv2%2Fmedia&parent=278"}],"curies":[{"name":"wp","href":"https:\/\/api.w.org\/{rel}","templated":true}]}}